{"id":484,"date":"2025-08-17T16:08:29","date_gmt":"2025-08-17T16:08:29","guid":{"rendered":"https:\/\/publicidadradiomarcagc.com\/?page_id=484"},"modified":"2025-09-20T23:30:19","modified_gmt":"2025-09-20T23:30:19","slug":"otros-contenidos-cookies","status":"publish","type":"page","link":"https:\/\/gestionaredes.com\/de\/otros-contenidos-cookies\/","title":{"rendered":"Cookie Einstellungen"},"content":{"rendered":"<div data-elementor-type=\"wp-page\" data-elementor-id=\"484\" class=\"elementor elementor-484\" data-elementor-post-type=\"page\">\n\t\t\t\t\t\t<section class=\"elementor-section elementor-top-section elementor-element elementor-element-6ccce608 elementor-section-boxed elementor-section-height-default elementor-section-height-default wpr-particle-no wpr-jarallax-no wpr-parallax-no wpr-sticky-section-no wpr-equal-height-no\" data-id=\"6ccce608\" data-element_type=\"section\" data-e-type=\"section\" data-settings=\"{&quot;background_background&quot;:&quot;classic&quot;}\">\n\t\t\t\t\t\t\t<div class=\"elementor-background-overlay\"><\/div>\n\t\t\t\t\t\t\t<div class=\"elementor-container elementor-column-gap-default\">\n\t\t\t\t\t<div class=\"elementor-column elementor-col-100 elementor-top-column elementor-element elementor-element-739f5836\" data-id=\"739f5836\" data-element_type=\"column\" data-e-type=\"column\">\n\t\t\t<div class=\"elementor-widget-wrap elementor-element-populated\">\n\t\t\t\t\t\t<div class=\"elementor-element elementor-element-7cf3e3ee elementor-invisible elementor-widget elementor-widget-heading\" data-id=\"7cf3e3ee\" data-element_type=\"widget\" data-e-type=\"widget\" data-settings=\"{&quot;_animation&quot;:&quot;rubberBand&quot;}\" data-widget_type=\"heading.default\">\n\t\t\t\t\t<h2 class=\"elementor-heading-title elementor-size-default\">Cookie-Richtlinie<\/h2>\t\t\t\t<\/div>\n\t\t\t\t<div class=\"elementor-element elementor-element-1888d847 elementor-widget__width-auto elementor-invisible elementor-widget elementor-widget-text-editor\" data-id=\"1888d847\" data-element_type=\"widget\" data-e-type=\"widget\" data-settings=\"{&quot;_animation&quot;:&quot;fadeIn&quot;}\" data-widget_type=\"text-editor.default\">\n\t\t\t\t\t\t\t\t\t<p><a href=\"https:\/\/gestionaredes.com\/de\/\">Start<\/a> \/<\/p>\t\t\t\t\t\t\t\t<\/div>\n\t\t\t\t<div class=\"elementor-element elementor-element-61765640 elementor-widget__width-auto elementor-invisible elementor-widget elementor-widget-text-editor\" data-id=\"61765640\" data-element_type=\"widget\" data-e-type=\"widget\" data-settings=\"{&quot;_animation&quot;:&quot;fadeIn&quot;}\" data-widget_type=\"text-editor.default\">\n\t\t\t\t\t\t\t\t\t<p>Cookie-Richtlinie<\/p>\t\t\t\t\t\t\t\t<\/div>\n\t\t\t\t\t<\/div>\n\t\t<\/div>\n\t\t\t\t\t<\/div>\n\t\t<\/section>\n\t\t<div class=\"elementor-element elementor-element-435a1f64 e-flex e-con-boxed wpr-particle-no wpr-jarallax-no wpr-parallax-no wpr-sticky-section-no wpr-equal-height-no e-con e-parent\" data-id=\"435a1f64\" data-element_type=\"container\" data-e-type=\"container\">\n\t\t\t\t\t<div class=\"e-con-inner\">\n\t\t\t\t<div class=\"elementor-element elementor-element-78ec8ff0 elementor-invisible elementor-widget elementor-widget-text-editor\" data-id=\"78ec8ff0\" data-element_type=\"widget\" data-e-type=\"widget\" data-settings=\"{&quot;_animation&quot;:&quot;bounce&quot;}\" data-widget_type=\"text-editor.default\">\n\t\t\t\t\t\t\t\t\t<p data-start=\"251\" data-end=\"440\"><strong data-start=\"251\" data-end=\"278\">MARKETING WINNER 10 SLU<\/strong> muss eine gr\u00fcndliche Analyse der <strong data-start=\"323\" data-end=\"334\">Kekse<\/strong> das \u00fcber seine Website auf den Computerger\u00e4ten der Benutzer installiert werden kann.<\/p>\n<p data-start=\"442\" data-end=\"798\">Den Zweck desselben kennend, <strong data-start=\"479\" data-end=\"506\">MARKETING WINNER 10 SLU<\/strong> m\u00fcssen den <strong data-start=\"527\" data-end=\"562\">Artikel 22.2 des Gesetzes 34\/2002<\/strong>vom 11. Juli \u00fcber Dienste der Informationsgesellschaft und elektronischen Handel (LSSI-CE) sowie mit den Empfehlungen des <strong data-start=\"702\" data-end=\"745\">Spanische Datenschutzbeh\u00f6rde<\/strong>, gesammelt in seinem <strong data-start=\"763\" data-end=\"795\">Leitfaden zur Verwendung von Cookies<\/strong>.<\/p>\n<p data-start=\"800\" data-end=\"889\">Sie m\u00fcssen au\u00dferdem \u00fcber die <strong data-start=\"833\" data-end=\"865\">Benutzerberechtigung<\/strong> f\u00fcr eine solche Installation.<\/p>\n\n<blockquote data-start=\"891\" data-end=\"1158\">\n<p data-start=\"893\" data-end=\"1158\"><strong data-start=\"893\" data-end=\"925\">Browsereinstellungen:<\/strong><br data-start=\"925\" data-end=\"928\" \/><strong data-start=\"928\" data-end=\"955\">MARKETING WINNER 10 SLU<\/strong> weist den Benutzer darauf hin, dass er die M\u00f6glichkeit hat, <strong data-start=\"1006\" data-end=\"1033\">Konfigurieren Sie Ihren Browser<\/strong> um Sie \u00fcber den Erhalt von Cookies zu informieren, und Sie k\u00f6nnen, wenn Sie dies w\u00fcnschen, <strong data-start=\"1114\" data-end=\"1140\">verhindern, dass es installiert wird<\/strong> auf der Festplatte.<\/p>\n<\/blockquote>\n\n<hr data-start=\"1160\" data-end=\"1163\" \/>\n\n<h3 data-start=\"1165\" data-end=\"1218\"><strong data-start=\"1169\" data-end=\"1218\">1. Was sind Cookies und warum verwenden wir sie?<\/strong><\/h3>\n<p data-start=\"1220\" data-end=\"1357\">Der <strong data-start=\"1224\" data-end=\"1235\">Kekse<\/strong> Dabei handelt es sich um kleine Textdateien, die unsere Website beim Surfen auf Ihrem Ger\u00e4t (Computer, Mobiltelefon oder Tablet) speichert.<\/p>\n<p data-start=\"1359\" data-end=\"1409\">In <strong data-start=\"1362\" data-end=\"1387\"><a class=\"decorated-link cursor-pointer\" target=\"_new\" rel=\"noopener\" data-start=\"1364\" data-end=\"1385\">www.gestionaredes.com<\/a><\/strong>, wir verwenden sie f\u00fcr:<\/p>\n\n<ul data-start=\"1411\" data-end=\"1546\">\n \t<li data-start=\"1411\" data-end=\"1447\">\n<p data-start=\"1413\" data-end=\"1447\">Verbessern Sie Ihr Benutzererlebnis.<\/p>\n<\/li>\n \t<li data-start=\"1448\" data-end=\"1480\">\n<p data-start=\"1450\" data-end=\"1480\">Analysieren Sie die Website-Nutzung.<\/p>\n<\/li>\n \t<li data-start=\"1481\" data-end=\"1546\">\n<p data-start=\"1483\" data-end=\"1546\">Verwalten Sie die wesentlichen Funktionen f\u00fcr den korrekten Betrieb.<\/p>\n<\/li>\n<\/ul>\n\n<hr data-start=\"1548\" data-end=\"1551\" \/>\n\n<h3 data-start=\"1553\" data-end=\"1595\"><strong data-start=\"1557\" data-end=\"1595\">2. Arten von Cookies, die wir verwenden<\/strong><\/h3>\n<div class=\"_tableContainer_1rjym_1\">\n<div class=\"group _tableWrapper_1rjym_13 flex w-fit flex-col-reverse\" tabindex=\"-1\">\n<table class=\"w-fit min-w-(--thread-content-width)\" data-start=\"1597\" data-end=\"2364\">\n<thead data-start=\"1597\" data-end=\"1734\">\n<tr data-start=\"1597\" data-end=\"1734\">\n<th data-start=\"1597\" data-end=\"1629\" data-col-size=\"sm\"><strong data-start=\"1599\" data-end=\"1617\">Art des Cookies<\/strong><\/th>\n<th data-start=\"1629\" data-end=\"1709\" data-col-size=\"lg\"><strong data-start=\"1631\" data-end=\"1644\">Zweck<\/strong><\/th>\n<th data-start=\"1709\" data-end=\"1734\" data-col-size=\"sm\"><strong data-start=\"1711\" data-end=\"1723\">Dauer<\/strong><\/th>\n<\/tr>\n<\/thead>\n<tbody data-start=\"1873\" data-end=\"2364\">\n<tr data-start=\"1873\" data-end=\"2034\">\n<td data-start=\"1873\" data-end=\"1904\" data-col-size=\"sm\"><strong data-start=\"1875\" data-end=\"1901\">Techniken \/ Funktional<\/strong><\/td>\n<td data-start=\"1904\" data-end=\"2009\" data-col-size=\"lg\">Sie erm\u00f6glichen grundlegende Funktionen wie sicheres Surfen, Zugriff auf gesch\u00fctzte Bereiche und das Speichern von Einstellungen.<\/td>\n<td data-start=\"2009\" data-end=\"2034\" data-col-size=\"sm\">Sitzung oder dauerhaft<\/td>\n<\/tr>\n<tr data-start=\"2035\" data-end=\"2199\">\n<td data-start=\"2035\" data-end=\"2066\" data-col-size=\"sm\"><strong data-start=\"2037\" data-end=\"2051\">Analyse<\/strong><\/td>\n<td data-start=\"2066\" data-end=\"2174\" data-col-size=\"lg\">Sie helfen uns, den Benutzerverkehr, das Benutzerverhalten und die Benutzerinteraktion zu messen und zu analysieren.<\/td>\n<td data-start=\"2174\" data-end=\"2199\" data-col-size=\"sm\">Bis zu 2 Jahre<\/td>\n<\/tr>\n<tr data-start=\"2200\" data-end=\"2364\">\n<td data-start=\"2200\" data-end=\"2231\" data-col-size=\"sm\"><strong data-start=\"2202\" data-end=\"2231\">Werbung \/ Marketing<\/strong><\/td>\n<td data-start=\"2231\" data-end=\"2339\" data-col-size=\"lg\">Sie erm\u00f6glichen die Anzeige relevanter Anzeigen und die Messung der Wirksamkeit von Werbekampagnen.<\/td>\n<td data-start=\"2339\" data-end=\"2364\" data-col-size=\"sm\">Bis zu 2 Jahre<\/td>\n<\/tr>\n<\/tbody>\n<\/table>\n<\/div>\n<\/div>\n\n<hr data-start=\"2366\" data-end=\"2369\" \/>\n\n\n\n\n\n\n\n\n<h3 data-start=\"2371\" data-end=\"2416\"><strong data-start=\"2375\" data-end=\"2416\">3. Verwaltung und Deaktivierung von Cookies<\/strong><\/h3>\n<p data-start=\"2418\" data-end=\"2534\">Sie k\u00f6nnen die Verwendung von Cookies akzeptieren oder ablehnen von <strong data-start=\"2471\" data-end=\"2481\">Banner<\/strong> das beim ersten Zugriff auf die Website angezeigt wird.<\/p>\n<p data-start=\"2536\" data-end=\"2635\">Sie k\u00f6nnen auch <strong data-start=\"2551\" data-end=\"2582\">deaktivieren oder l\u00f6schen<\/strong> direkt \u00fcber Ihre Browsereinstellungen:<\/p>\n\n<ul data-start=\"2637\" data-end=\"2971\">\n \t<li data-start=\"2637\" data-end=\"2702\">\n<p data-start=\"2639\" data-end=\"2702\"><a class=\"decorated-link cursor-pointer\" target=\"_new\" rel=\"noopener\" data-start=\"2639\" data-end=\"2702\">Google Chrome<\/a><\/p>\n<\/li>\n \t<li data-start=\"2703\" data-end=\"2801\">\n<p data-start=\"2705\" data-end=\"2801\"><a class=\"decorated-link cursor-pointer\" target=\"_new\" rel=\"noopener\" data-start=\"2705\" data-end=\"2801\">Mozilla Firefox<\/a><\/p>\n<\/li>\n \t<li data-start=\"2802\" data-end=\"2900\">\n<p data-start=\"2804\" data-end=\"2900\"><a class=\"decorated-link cursor-pointer\" target=\"_new\" rel=\"noopener\" data-start=\"2804\" data-end=\"2900\">Microsoft Edge<\/a><\/p>\n<\/li>\n \t<li data-start=\"2901\" data-end=\"2971\">\n<p data-start=\"2903\" data-end=\"2971\"><a class=\"decorated-link cursor-pointer\" target=\"_new\" rel=\"noopener\" data-start=\"2903\" data-end=\"2971\">Safari<\/a><\/p>\n<\/li>\n<\/ul>\n<blockquote data-start=\"2973\" data-end=\"3115\">\n<p data-start=\"2975\" data-end=\"3115\"><strong data-start=\"2975\" data-end=\"2984\">Notiz:<\/strong> Das Deaktivieren funktionaler Cookies kann Ihr Browser-Erlebnis beeintr\u00e4chtigen oder den Zugriff auf bestimmte Bereiche der Website einschr\u00e4nken.<\/p>\n<\/blockquote>\n\n<hr data-start=\"3117\" data-end=\"3120\" \/>\n\n<h3 data-start=\"3122\" data-end=\"3155\"><strong data-start=\"3126\" data-end=\"3155\">4. \u00c4nderungen der Richtlinie<\/strong><\/h3>\n<p data-start=\"3157\" data-end=\"3355\"><strong data-start=\"3157\" data-end=\"3184\">MARKETING WINNER 10 SLU<\/strong> beh\u00e4lt sich das Recht vor, diese <strong data-start=\"3226\" data-end=\"3249\">Cookie-Richtlinie<\/strong> jederzeit, um die Site an gesetzliche, technologische oder betriebliche \u00c4nderungen anzupassen.<\/p>\n<p data-start=\"3357\" data-end=\"3412\">Es wird empfohlen, diese Richtlinie regelm\u00e4\u00dfig zu \u00fcberpr\u00fcfen.<\/p>\n\n\n<hr data-start=\"3414\" data-end=\"3417\" \/>\n\n<h3 data-start=\"3419\" data-end=\"3452\"><strong data-start=\"3423\" data-end=\"3452\">5. Information und Kontakt<\/strong><\/h3>\n<p data-start=\"3454\" data-end=\"3547\">Wenn Sie Fragen zu unserer Cookie-Richtlinie haben, k\u00f6nnen Sie uns unter folgender Adresse kontaktieren:<\/p>\n<p data-start=\"3549\" data-end=\"3639\">\ud83d\udce7 <strong data-start=\"3552\" data-end=\"3575\">E-Mail:<\/strong> <a class=\"decorated-link cursor-pointer\" rel=\"noopener\" data-start=\"3576\" data-end=\"3639\">contacto@gestionaredes.com<\/a><\/p>\t\t\t\t\t\t\t\t<\/div>\n\t\t\t\t\t<\/div>\n\t\t\t\t<\/div>\n\t\t\t\t<\/div>","protected":false},"excerpt":{"rendered":"<p>Pol\u00edtica de Cookies Inicio \/ Pol\u00edtica de Cookies MARKETING WINNER 10 SLU debe realizar un an\u00e1lisis exhaustivo de las cookies que, a trav\u00e9s de su p\u00e1gina web, pueden ser instaladas en los dispositivos inform\u00e1ticos de los usuarios. Conocida la finalidad de las mismas, MARKETING WINNER 10 SLU debe cumplir con el art\u00edculo 22.2 de la Ley 34\/2002, de 11 de julio, de Servicios de la Sociedad de la Informaci\u00f3n y de Comercio Electr\u00f3nico (LSSI-CE), as\u00ed como con las recomendaciones de la Agencia Espa\u00f1ola de Protecci\u00f3n de Datos, recogidas en su Gu\u00eda sobre el uso de Cookies. Asimismo, necesita contar con la autorizaci\u00f3n de los usuarios para dicha instalaci\u00f3n. Configuraci\u00f3n del navegador:MARKETING WINNER 10 SLU informa al usuario de que tiene la posibilidad de configurar su navegador para que le notifique sobre la recepci\u00f3n de cookies, pudiendo, si as\u00ed lo desea, impedir su instalaci\u00f3n en el disco duro. 1. \u00bfQu\u00e9 son las cookies y por qu\u00e9 las usamos? Las cookies son peque\u00f1os archivos de texto que nuestro sitio web almacena en tu dispositivo (ordenador, m\u00f3vil o tablet) al navegar. En www.gestionaredes.com, las utilizamos para: Mejorar tu experiencia de usuario. Analizar el uso del sitio web. Gestionar funciones esenciales para su correcto funcionamiento. 2. Tipos de cookies que utilizamos Tipo de Cookie Finalidad Duraci\u00f3n T\u00e9cnicas \/ Funcionales Permiten funciones b\u00e1sicas como navegaci\u00f3n segura, acceso a zonas protegidas, y recordar preferencias. Sesi\u00f3n o persistentes Anal\u00edticas Nos ayudan a medir y analizar el tr\u00e1fico, el comportamiento y la interacci\u00f3n de los usuarios. Hasta 2 a\u00f1os Publicitarias \/ Marketing Permiten mostrar anuncios relevantes y medir la eficacia de campa\u00f1as publicitarias. Hasta 2 a\u00f1os 3. Gesti\u00f3n y desactivaci\u00f3n de cookies Puedes aceptar o rechazar el uso de cookies desde el banner que aparece al acceder por primera vez al sitio web. Tambi\u00e9n puedes desactivarlas o eliminarlas directamente desde la configuraci\u00f3n de tu navegador: Google Chrome Mozilla Firefox Microsoft Edge Safari Nota: Deshabilitar las cookies funcionales puede afectar la experiencia de navegaci\u00f3n o limitar el acceso a ciertas secciones del sitio. 4. Cambios en la Pol\u00edtica MARKETING WINNER 10 SLU se reserva el derecho de actualizar esta pol\u00edtica de cookies en cualquier momento para adaptarse a cambios legislativos, tecnol\u00f3gicos o de funcionamiento del sitio. Se recomienda revisar esta pol\u00edtica de forma peri\u00f3dica. 5. Informaci\u00f3n y contacto Si tienes dudas sobre nuestra pol\u00edtica de cookies, puedes contactar con nosotros a trav\u00e9s de: \ud83d\udce7 Correo electr\u00f3nico: contacto@gestionaredes.com<\/p>","protected":false},"author":1,"featured_media":0,"parent":0,"menu_order":0,"comment_status":"closed","ping_status":"closed","template":"elementor_header_footer","meta":{"_eb_attr":"","_joinchat":[],"footnotes":""},"class_list":["post-484","page","type-page","status-publish","hentry"],"yoast_head":"<!-- This site is optimized with the Yoast SEO Premium plugin v26.0 (Yoast SEO v27.4) - https:\/\/yoast.com\/product\/yoast-seo-premium-wordpress\/ -->\n<title>Cookies - Gestiona Redes<\/title>\n<meta name=\"robots\" content=\"index, follow, max-snippet:-1, max-image-preview:large, max-video-preview:-1\" \/>\n<link rel=\"canonical\" href=\"https:\/\/gestionaredes.com\/de\/otros-contenidos-cookies\/\" \/>\n<meta property=\"og:locale\" content=\"de_DE\" \/>\n<meta property=\"og:type\" content=\"article\" \/>\n<meta property=\"og:title\" content=\"Cookies\" \/>\n<meta property=\"og:description\" content=\"Pol\u00edtica de Cookies Inicio \/ Pol\u00edtica de Cookies MARKETING WINNER 10 SLU debe realizar un an\u00e1lisis exhaustivo de las cookies que, a trav\u00e9s de su p\u00e1gina web, pueden ser instaladas en los dispositivos inform\u00e1ticos de los usuarios. Conocida la finalidad de las mismas, MARKETING WINNER 10 SLU debe cumplir con el art\u00edculo 22.2 de la Ley 34\/2002, de 11 de julio, de Servicios de la Sociedad de la Informaci\u00f3n y de Comercio Electr\u00f3nico (LSSI-CE), as\u00ed como con las recomendaciones de la Agencia Espa\u00f1ola de Protecci\u00f3n de Datos, recogidas en su Gu\u00eda sobre el uso de Cookies. Asimismo, necesita contar con la autorizaci\u00f3n de los usuarios para dicha instalaci\u00f3n. Configuraci\u00f3n del navegador:MARKETING WINNER 10 SLU informa al usuario de que tiene la posibilidad de configurar su navegador para que le notifique sobre la recepci\u00f3n de cookies, pudiendo, si as\u00ed lo desea, impedir su instalaci\u00f3n en el disco duro. 1. \u00bfQu\u00e9 son las cookies y por qu\u00e9 las usamos? Las cookies son peque\u00f1os archivos de texto que nuestro sitio web almacena en tu dispositivo (ordenador, m\u00f3vil o tablet) al navegar. En www.gestionaredes.com, las utilizamos para: Mejorar tu experiencia de usuario. Analizar el uso del sitio web. Gestionar funciones esenciales para su correcto funcionamiento. 2. Tipos de cookies que utilizamos Tipo de Cookie Finalidad Duraci\u00f3n T\u00e9cnicas \/ Funcionales Permiten funciones b\u00e1sicas como navegaci\u00f3n segura, acceso a zonas protegidas, y recordar preferencias. Sesi\u00f3n o persistentes Anal\u00edticas Nos ayudan a medir y analizar el tr\u00e1fico, el comportamiento y la interacci\u00f3n de los usuarios. Hasta 2 a\u00f1os Publicitarias \/ Marketing Permiten mostrar anuncios relevantes y medir la eficacia de campa\u00f1as publicitarias. Hasta 2 a\u00f1os 3. Gesti\u00f3n y desactivaci\u00f3n de cookies Puedes aceptar o rechazar el uso de cookies desde el banner que aparece al acceder por primera vez al sitio web. Tambi\u00e9n puedes desactivarlas o eliminarlas directamente desde la configuraci\u00f3n de tu navegador: Google Chrome Mozilla Firefox Microsoft Edge Safari Nota: Deshabilitar las cookies funcionales puede afectar la experiencia de navegaci\u00f3n o limitar el acceso a ciertas secciones del sitio. 4. Cambios en la Pol\u00edtica MARKETING WINNER 10 SLU se reserva el derecho de actualizar esta pol\u00edtica de cookies en cualquier momento para adaptarse a cambios legislativos, tecnol\u00f3gicos o de funcionamiento del sitio. Se recomienda revisar esta pol\u00edtica de forma peri\u00f3dica. 5. Informaci\u00f3n y contacto Si tienes dudas sobre nuestra pol\u00edtica de cookies, puedes contactar con nosotros a trav\u00e9s de: \ud83d\udce7 Correo electr\u00f3nico: contacto@gestionaredes.com\" \/>\n<meta property=\"og:url\" content=\"https:\/\/gestionaredes.com\/de\/otros-contenidos-cookies\/\" \/>\n<meta property=\"og:site_name\" content=\"Gestiona Redes\" \/>\n<meta property=\"article:modified_time\" content=\"2025-09-20T23:30:19+00:00\" \/>\n<meta property=\"og:image\" content=\"https:\/\/gestionaredes.com\/wp-content\/uploads\/2025\/09\/cropped-Anadir-un-titulo-15.png\" \/>\n\t<meta property=\"og:image:width\" content=\"512\" \/>\n\t<meta property=\"og:image:height\" content=\"512\" \/>\n\t<meta property=\"og:image:type\" content=\"image\/png\" \/>\n<meta name=\"twitter:card\" content=\"summary_large_image\" \/>\n<meta name=\"twitter:label1\" content=\"Gesch\u00e4tzte Lesezeit\" \/>\n\t<meta name=\"twitter:data1\" content=\"2\u00a0Minuten\" \/>\n<!-- \/ Yoast SEO Premium plugin. -->","yoast_head_json":{"title":"Cookies - Gestiona Redes","robots":{"index":"index","follow":"follow","max-snippet":"max-snippet:-1","max-image-preview":"max-image-preview:large","max-video-preview":"max-video-preview:-1"},"canonical":"https:\/\/gestionaredes.com\/de\/otros-contenidos-cookies\/","og_locale":"de_DE","og_type":"article","og_title":"Cookies","og_description":"Pol\u00edtica de Cookies Inicio \/ Pol\u00edtica de Cookies MARKETING WINNER 10 SLU debe realizar un an\u00e1lisis exhaustivo de las cookies que, a trav\u00e9s de su p\u00e1gina web, pueden ser instaladas en los dispositivos inform\u00e1ticos de los usuarios. Conocida la finalidad de las mismas, MARKETING WINNER 10 SLU debe cumplir con el art\u00edculo 22.2 de la Ley 34\/2002, de 11 de julio, de Servicios de la Sociedad de la Informaci\u00f3n y de Comercio Electr\u00f3nico (LSSI-CE), as\u00ed como con las recomendaciones de la Agencia Espa\u00f1ola de Protecci\u00f3n de Datos, recogidas en su Gu\u00eda sobre el uso de Cookies. Asimismo, necesita contar con la autorizaci\u00f3n de los usuarios para dicha instalaci\u00f3n. Configuraci\u00f3n del navegador:MARKETING WINNER 10 SLU informa al usuario de que tiene la posibilidad de configurar su navegador para que le notifique sobre la recepci\u00f3n de cookies, pudiendo, si as\u00ed lo desea, impedir su instalaci\u00f3n en el disco duro. 1. \u00bfQu\u00e9 son las cookies y por qu\u00e9 las usamos? Las cookies son peque\u00f1os archivos de texto que nuestro sitio web almacena en tu dispositivo (ordenador, m\u00f3vil o tablet) al navegar. En www.gestionaredes.com, las utilizamos para: Mejorar tu experiencia de usuario. Analizar el uso del sitio web. Gestionar funciones esenciales para su correcto funcionamiento. 2. Tipos de cookies que utilizamos Tipo de Cookie Finalidad Duraci\u00f3n T\u00e9cnicas \/ Funcionales Permiten funciones b\u00e1sicas como navegaci\u00f3n segura, acceso a zonas protegidas, y recordar preferencias. Sesi\u00f3n o persistentes Anal\u00edticas Nos ayudan a medir y analizar el tr\u00e1fico, el comportamiento y la interacci\u00f3n de los usuarios. Hasta 2 a\u00f1os Publicitarias \/ Marketing Permiten mostrar anuncios relevantes y medir la eficacia de campa\u00f1as publicitarias. Hasta 2 a\u00f1os 3. Gesti\u00f3n y desactivaci\u00f3n de cookies Puedes aceptar o rechazar el uso de cookies desde el banner que aparece al acceder por primera vez al sitio web. Tambi\u00e9n puedes desactivarlas o eliminarlas directamente desde la configuraci\u00f3n de tu navegador: Google Chrome Mozilla Firefox Microsoft Edge Safari Nota: Deshabilitar las cookies funcionales puede afectar la experiencia de navegaci\u00f3n o limitar el acceso a ciertas secciones del sitio. 4. Cambios en la Pol\u00edtica MARKETING WINNER 10 SLU se reserva el derecho de actualizar esta pol\u00edtica de cookies en cualquier momento para adaptarse a cambios legislativos, tecnol\u00f3gicos o de funcionamiento del sitio. Se recomienda revisar esta pol\u00edtica de forma peri\u00f3dica. 5. Informaci\u00f3n y contacto Si tienes dudas sobre nuestra pol\u00edtica de cookies, puedes contactar con nosotros a trav\u00e9s de: \ud83d\udce7 Correo electr\u00f3nico: contacto@gestionaredes.com","og_url":"https:\/\/gestionaredes.com\/de\/otros-contenidos-cookies\/","og_site_name":"Gestiona Redes","article_modified_time":"2025-09-20T23:30:19+00:00","og_image":[{"width":512,"height":512,"url":"https:\/\/gestionaredes.com\/wp-content\/uploads\/2025\/09\/cropped-Anadir-un-titulo-15.png","type":"image\/png"}],"twitter_card":"summary_large_image","twitter_misc":{"Gesch\u00e4tzte Lesezeit":"2\u00a0Minuten"},"schema":{"@context":"https:\/\/schema.org","@graph":[{"@type":"WebPage","@id":"https:\/\/gestionaredes.com\/otros-contenidos-cookies\/","url":"https:\/\/gestionaredes.com\/otros-contenidos-cookies\/","name":"Cookies - Gestiona Redes","isPartOf":{"@id":"https:\/\/gestionaredes.com\/#website"},"datePublished":"2025-08-17T16:08:29+00:00","dateModified":"2025-09-20T23:30:19+00:00","breadcrumb":{"@id":"https:\/\/gestionaredes.com\/otros-contenidos-cookies\/#breadcrumb"},"inLanguage":"de","potentialAction":[{"@type":"ReadAction","target":["https:\/\/gestionaredes.com\/otros-contenidos-cookies\/"]}]},{"@type":"BreadcrumbList","@id":"https:\/\/gestionaredes.com\/otros-contenidos-cookies\/#breadcrumb","itemListElement":[{"@type":"ListItem","position":1,"name":"Portada","item":"https:\/\/gestionaredes.com\/"},{"@type":"ListItem","position":2,"name":"Cookies"}]},{"@type":"WebSite","@id":"https:\/\/gestionaredes.com\/#website","url":"https:\/\/gestionaredes.com\/","name":"gestionaredes.com","description":"Expertos en gesti\u00f3n de redes sociales","publisher":{"@id":"https:\/\/gestionaredes.com\/#organization"},"potentialAction":[{"@type":"SearchAction","target":{"@type":"EntryPoint","urlTemplate":"https:\/\/gestionaredes.com\/?s={search_term_string}"},"query-input":{"@type":"PropertyValueSpecification","valueRequired":true,"valueName":"search_term_string"}}],"inLanguage":"de"},{"@type":"Organization","@id":"https:\/\/gestionaredes.com\/#organization","name":"gestionaredes.com","url":"https:\/\/gestionaredes.com\/","logo":{"@type":"ImageObject","inLanguage":"de","@id":"https:\/\/gestionaredes.com\/#\/schema\/logo\/image\/","url":"https:\/\/gestionaredes.com\/wp-content\/uploads\/2025\/09\/Gestionaredes-logo.png","contentUrl":"https:\/\/gestionaredes.com\/wp-content\/uploads\/2025\/09\/Gestionaredes-logo.png","width":1018,"height":198,"caption":"gestionaredes.com"},"image":{"@id":"https:\/\/gestionaredes.com\/#\/schema\/logo\/image\/"}}]}},"_hostinger_reach_plugin_has_subscription_block":false,"_hostinger_reach_plugin_is_elementor":false,"_links":{"self":[{"href":"https:\/\/gestionaredes.com\/de\/wp-json\/wp\/v2\/pages\/484","targetHints":{"allow":["GET"]}}],"collection":[{"href":"https:\/\/gestionaredes.com\/de\/wp-json\/wp\/v2\/pages"}],"about":[{"href":"https:\/\/gestionaredes.com\/de\/wp-json\/wp\/v2\/types\/page"}],"author":[{"embeddable":true,"href":"https:\/\/gestionaredes.com\/de\/wp-json\/wp\/v2\/users\/1"}],"replies":[{"embeddable":true,"href":"https:\/\/gestionaredes.com\/de\/wp-json\/wp\/v2\/comments?post=484"}],"version-history":[{"count":35,"href":"https:\/\/gestionaredes.com\/de\/wp-json\/wp\/v2\/pages\/484\/revisions"}],"predecessor-version":[{"id":1765,"href":"https:\/\/gestionaredes.com\/de\/wp-json\/wp\/v2\/pages\/484\/revisions\/1765"}],"wp:attachment":[{"href":"https:\/\/gestionaredes.com\/de\/wp-json\/wp\/v2\/media?parent=484"}],"curies":[{"name":"wp","href":"https:\/\/api.w.org\/{rel}","templated":true}]}}